{"id":25,"date":"2026-02-13T13:52:51","date_gmt":"2026-02-13T13:52:51","guid":{"rendered":"https:\/\/absolutelogistics.com.br\/?page_id=25"},"modified":"2026-03-26T13:08:49","modified_gmt":"2026-03-26T13:08:49","slug":"quem-somos","status":"publish","type":"page","link":"https:\/\/absolutelogistics.com.br\/en\/quem-somos\/","title":{"rendered":"About us"},"content":{"rendered":"<div data-elementor-type=\"wp-page\" data-elementor-id=\"25\" class=\"elementor elementor-25\">\n\t\t\t\t<div class=\"elementor-element elementor-element-74eaeb7 e-flex e-con-boxed e-con e-parent\" data-id=\"74eaeb7\" data-element_type=\"container\" data-e-type=\"container\">\n\t\t\t\t\t<div class=\"e-con-inner\">\n\t\t\t\t<div class=\"elementor-element elementor-element-c6627cf elementor-widget elementor-widget-spacer\" data-id=\"c6627cf\" data-element_type=\"widget\" data-e-type=\"widget\" data-widget_type=\"spacer.default\">\n\t\t\t\t\t\t\t<div class=\"elementor-spacer\">\n\t\t\t<div class=\"elementor-spacer-inner\"><\/div>\n\t\t<\/div>\n\t\t\t\t\t\t<\/div>\n\t\t\t\t\t<\/div>\n\t\t\t\t<\/div>\n\t\t<div class=\"elementor-element elementor-element-7b781b7 e-flex e-con-boxed e-con e-parent\" data-id=\"7b781b7\" data-element_type=\"container\" data-e-type=\"container\">\n\t\t\t\t\t<div class=\"e-con-inner\">\n\t\t\t\t<div class=\"elementor-element elementor-element-e449955 elementor-widget elementor-widget-heading\" data-id=\"e449955\" data-element_type=\"widget\" data-e-type=\"widget\" data-widget_type=\"heading.default\">\n\t\t\t\t\t<h1 class=\"elementor-heading-title elementor-size-default\">About us<\/h1>\t\t\t\t<\/div>\n\t\t\t\t\t<\/div>\n\t\t\t\t<\/div>\n\t\t<div class=\"elementor-element elementor-element-e558e40 e-flex e-con-boxed e-con e-parent\" data-id=\"e558e40\" data-element_type=\"container\" data-e-type=\"container\">\n\t\t\t\t\t<div class=\"e-con-inner\">\n\t\t<div class=\"elementor-element elementor-element-ca20acb e-con-full e-flex e-con e-child\" data-id=\"ca20acb\" data-element_type=\"container\" data-e-type=\"container\">\n\t\t\t\t<div class=\"elementor-element elementor-element-231e574 elementor-widget elementor-widget-image\" data-id=\"231e574\" data-element_type=\"widget\" data-e-type=\"widget\" data-widget_type=\"image.default\">\n\t\t\t\t\t\t\t\t\t\t\t\t\t\t\t<img fetchpriority=\"high\" decoding=\"async\" width=\"768\" height=\"768\" src=\"https:\/\/absolutelogistics.com.br\/wp-content\/uploads\/2026\/03\/AdobeStock_860096387-768x768.jpeg\" class=\"attachment-medium_large size-medium_large wp-image-469\" alt=\"\" srcset=\"https:\/\/absolutelogistics.com.br\/wp-content\/uploads\/2026\/03\/AdobeStock_860096387-768x768.jpeg 768w, https:\/\/absolutelogistics.com.br\/wp-content\/uploads\/2026\/03\/AdobeStock_860096387-300x300.jpeg 300w, https:\/\/absolutelogistics.com.br\/wp-content\/uploads\/2026\/03\/AdobeStock_860096387-1024x1024.jpeg 1024w, https:\/\/absolutelogistics.com.br\/wp-content\/uploads\/2026\/03\/AdobeStock_860096387-150x150.jpeg 150w, https:\/\/absolutelogistics.com.br\/wp-content\/uploads\/2026\/03\/AdobeStock_860096387-1536x1536.jpeg 1536w, https:\/\/absolutelogistics.com.br\/wp-content\/uploads\/2026\/03\/AdobeStock_860096387-2048x2048.jpeg 2048w\" sizes=\"(max-width: 768px) 100vw, 768px\" \/>\t\t\t\t\t\t\t\t\t\t\t\t\t\t\t<\/div>\n\t\t\t\t<\/div>\n\t\t<div class=\"elementor-element elementor-element-8f94aa9 e-con-full e-flex e-con e-child\" data-id=\"8f94aa9\" data-element_type=\"container\" data-e-type=\"container\">\n\t\t\t\t<div class=\"elementor-element elementor-element-7b5ab86 elementor-widget elementor-widget-spacer\" data-id=\"7b5ab86\" data-element_type=\"widget\" data-e-type=\"widget\" data-widget_type=\"spacer.default\">\n\t\t\t\t\t\t\t<div class=\"elementor-spacer\">\n\t\t\t<div class=\"elementor-spacer-inner\"><\/div>\n\t\t<\/div>\n\t\t\t\t\t\t<\/div>\n\t\t\t\t<div class=\"elementor-element elementor-element-71b396d elementor-widget elementor-widget-heading\" data-id=\"71b396d\" data-element_type=\"widget\" data-e-type=\"widget\" data-widget_type=\"heading.default\">\n\t\t\t\t\t<h2 class=\"elementor-heading-title elementor-size-default\">A Absolute<\/h2>\t\t\t\t<\/div>\n\t\t\t\t<div class=\"elementor-element elementor-element-30d2dfc elementor-widget elementor-widget-text-editor\" data-id=\"30d2dfc\" data-element_type=\"widget\" data-e-type=\"widget\" data-widget_type=\"text-editor.default\">\n\t\t\t\t\t\t\t\t\t<p>We are a freight forwarder specializing in international transport. We offer efficient, reliable, and competitive logistics solutions. We operate with strong negotiating capabilities with shipping lines and strategic partners, ensuring predictability, control, and a high level of service in foreign trade operations.<\/p><p>\u00a0<\/p>\t\t\t\t\t\t\t\t<\/div>\n\t\t\t\t<div class=\"elementor-element elementor-element-a415afc elementor-widget elementor-widget-heading\" data-id=\"a415afc\" data-element_type=\"widget\" data-e-type=\"widget\" data-widget_type=\"heading.default\">\n\t\t\t\t\t<h3 class=\"elementor-heading-title elementor-size-default\">O que nos torna o parceiro ideal?<\/h3>\t\t\t\t<\/div>\n\t\t\t\t<div class=\"elementor-element elementor-element-1469bee elementor-widget elementor-widget-text-editor\" data-id=\"1469bee\" data-element_type=\"widget\" data-e-type=\"widget\" data-widget_type=\"text-editor.default\">\n\t\t\t\t\t\t\t\t\t<p aria-level=\"2\">\n<\/p><ul>\n<li><span data-contrast=\"auto\"><b>Competitive freight conditions:<\/b>&nbsp;<\/span><span style=\"background-color: rgba(0, 0, 0, 0);\">Negocia\u00e7\u00e3o direta com armadores e parceiros estrat\u00e9gicos, garantindo melhores condi\u00e7\u00f5es comerciais e maior estabilidade nas opera\u00e7\u00f5es<\/span><\/li><\/ul><ul>\n<li><span data-contrast=\"auto\"><b>Previsibilidade operacional:<\/b>&nbsp;<\/span><span style=\"background-color: rgba(0, 0, 0, 0);\" data-contrast=\"auto\">Close planning and monitoring of shipments, reducing risks and increasing the reliability of logistics operations.<\/span><span style=\"background-color: rgba(0, 0, 0, 0);\" data-ccp-props=\"{&quot;134233117&quot;:false,&quot;134233118&quot;:false,&quot;335551550&quot;:0,&quot;335551620&quot;:0,&quot;335559738&quot;:240,&quot;335559739&quot;:240}\">&nbsp;<\/span><\/li><\/ul><ul>\n<li><span data-contrast=\"auto\"><b>Gest\u00e3o eficiente de ponta a ponta:<\/b>&nbsp;<\/span><span style=\"background-color: rgba(0, 0, 0, 0);\" data-contrast=\"auto\">Integrated performance in international logistics coordination, ensuring organization, control, and fluidity at each stage of the process.<\/span><\/li><\/ul><ul>\n<li><span data-contrast=\"auto\"><b>Global partner network:<\/b>&nbsp;<\/span><span style=\"background-color: rgba(0, 0, 0, 0);\" data-contrast=\"auto\">International presence through reliable agents, allowing operation in different markets with security and efficiency.<\/span><\/li><\/ul><ul>\n<li><span data-contrast=\"auto\"><b>Solid and reliable structure:<\/b>&nbsp;<\/span><span style=\"background-color: rgba(0, 0, 0, 0);\" data-contrast=\"auto\">Part of a structured business group, providing financial robustness and a long-term strategic vision.<\/span><span style=\"background-color: rgba(0, 0, 0, 0);\" data-ccp-props=\"{&quot;134233117&quot;:false,&quot;134233118&quot;:false,&quot;335551550&quot;:0,&quot;335551620&quot;:0,&quot;335559738&quot;:240,&quot;335559739&quot;:240}\">&nbsp;<\/span><\/li>\n<\/ul>\t\t\t\t\t\t\t\t<\/div>\n\t\t\t\t<\/div>\n\t\t\t\t\t<\/div>\n\t\t\t\t<\/div>\n\t\t<div class=\"elementor-element elementor-element-6fd1115 e-flex e-con-boxed e-con e-parent\" data-id=\"6fd1115\" data-element_type=\"container\" data-e-type=\"container\">\n\t\t\t\t\t<div class=\"e-con-inner\">\n\t\t\t\t<div class=\"elementor-element elementor-element-dee1f47 elementor-widget elementor-widget-spacer\" data-id=\"dee1f47\" data-element_type=\"widget\" data-e-type=\"widget\" data-widget_type=\"spacer.default\">\n\t\t\t\t\t\t\t<div class=\"elementor-spacer\">\n\t\t\t<div class=\"elementor-spacer-inner\"><\/div>\n\t\t<\/div>\n\t\t\t\t\t\t<\/div>\n\t\t\t\t\t<\/div>\n\t\t\t\t<\/div>\n\t\t<div class=\"elementor-element elementor-element-7853371 e-flex e-con-boxed e-con e-parent\" data-id=\"7853371\" data-element_type=\"container\" data-e-type=\"container\">\n\t\t\t\t\t<div class=\"e-con-inner\">\n\t\t\t\t<div class=\"elementor-element elementor-element-cd1b5f0 elementor-widget elementor-widget-n-accordion\" data-id=\"cd1b5f0\" data-element_type=\"widget\" data-e-type=\"widget\" data-settings=\"{&quot;default_state&quot;:&quot;expanded&quot;,&quot;max_items_expended&quot;:&quot;one&quot;,&quot;n_accordion_animation_duration&quot;:{&quot;unit&quot;:&quot;ms&quot;,&quot;size&quot;:400,&quot;sizes&quot;:[]}}\" data-widget_type=\"nested-accordion.default\">\n\t\t\t\t\t\t\t<div class=\"e-n-accordion\" aria-label=\"Accordion. Open links with Enter or Space, close with Escape, and navigate with Arrow Keys\">\n\t\t\t\t\t\t<details id=\"e-n-accordion-item-2150\" class=\"e-n-accordion-item\" open>\n\t\t\t\t<summary class=\"e-n-accordion-item-title\" data-accordion-index=\"1\" tabindex=\"0\" aria-expanded=\"true\" aria-controls=\"e-n-accordion-item-2150\" >\n\t\t\t\t\t<span class='e-n-accordion-item-title-header'><div class=\"e-n-accordion-item-title-text\"> Mission <\/div><\/span>\n\t\t\t\t\t\t\t<span class='e-n-accordion-item-title-icon'>\n\t\t\t<span class='e-opened' ><svg aria-hidden=\"true\" class=\"e-font-icon-svg e-fas-minus\" viewbox=\"0 0 448 512\" xmlns=\"http:\/\/www.w3.org\/2000\/svg\"><path d=\"M416 208H32c-17.67 0-32 14.33-32 32v32c0 17.67 14.33 32 32 32h384c17.67 0 32-14.33 32-32v-32c0-17.67-14.33-32-32-32z\"><\/path><\/svg><\/span>\n\t\t\t<span class='e-closed'><svg aria-hidden=\"true\" class=\"e-font-icon-svg e-fas-plus\" viewbox=\"0 0 448 512\" xmlns=\"http:\/\/www.w3.org\/2000\/svg\"><path d=\"M416 208H272V64c0-17.67-14.33-32-32-32h-32c-17.67 0-32 14.33-32 32v144H32c-17.67 0-32 14.33-32 32v32c0 17.67 14.33 32 32 32h144v144c0 17.67 14.33 32 32 32h32c17.67 0 32-14.33 32-32V304h144c17.67 0 32-14.33 32-32v-32c0-17.67-14.33-32-32-32z\"><\/path><\/svg><\/span>\n\t\t<\/span>\n\n\t\t\t\t\t\t<\/summary>\n\t\t\t\t<div role=\"region\" aria-labelledby=\"e-n-accordion-item-2150\" class=\"elementor-element elementor-element-5d0bcc8 e-con-full e-flex e-con e-child\" data-id=\"5d0bcc8\" data-element_type=\"container\" data-e-type=\"container\">\n\t\t<div role=\"region\" aria-labelledby=\"e-n-accordion-item-2150\" class=\"elementor-element elementor-element-509856a e-flex e-con-boxed e-con e-child\" data-id=\"509856a\" data-element_type=\"container\" data-e-type=\"container\">\n\t\t\t\t\t<div class=\"e-con-inner\">\n\t\t\t\t<div class=\"elementor-element elementor-element-24be720 elementor-widget elementor-widget-text-editor\" data-id=\"24be720\" data-element_type=\"widget\" data-e-type=\"widget\" data-widget_type=\"text-editor.default\">\n\t\t\t\t\t\t\t\t\t<p><span class=\"TextRun Highlight SCXW54856793 BCX8\" lang=\"PT-BR\" xml:lang=\"PT-BR\" data-contrast=\"auto\"><span class=\"NormalTextRun SCXW54856793 BCX8\">Connecting global markets through efficient and reliable logistics solutions, combining operational intelligence, strong negotiation capabilities, and excellence in international transport management.<\/span><\/span><span class=\"EOP SCXW54856793 BCX8\" data-ccp-props=\"{&quot;335559685&quot;:0}\">\u00a0<\/span><\/p>\t\t\t\t\t\t\t\t<\/div>\n\t\t\t\t\t<\/div>\n\t\t\t\t<\/div>\n\t\t\t\t<\/div>\n\t\t\t\t\t<\/details>\n\t\t\t\t\t\t<details id=\"e-n-accordion-item-2151\" class=\"e-n-accordion-item\" >\n\t\t\t\t<summary class=\"e-n-accordion-item-title\" data-accordion-index=\"2\" tabindex=\"-1\" aria-expanded=\"false\" aria-controls=\"e-n-accordion-item-2151\" >\n\t\t\t\t\t<span class='e-n-accordion-item-title-header'><div class=\"e-n-accordion-item-title-text\"> Vision <\/div><\/span>\n\t\t\t\t\t\t\t<span class='e-n-accordion-item-title-icon'>\n\t\t\t<span class='e-opened' ><svg aria-hidden=\"true\" class=\"e-font-icon-svg e-fas-minus\" viewbox=\"0 0 448 512\" xmlns=\"http:\/\/www.w3.org\/2000\/svg\"><path d=\"M416 208H32c-17.67 0-32 14.33-32 32v32c0 17.67 14.33 32 32 32h384c17.67 0 32-14.33 32-32v-32c0-17.67-14.33-32-32-32z\"><\/path><\/svg><\/span>\n\t\t\t<span class='e-closed'><svg aria-hidden=\"true\" class=\"e-font-icon-svg e-fas-plus\" viewbox=\"0 0 448 512\" xmlns=\"http:\/\/www.w3.org\/2000\/svg\"><path d=\"M416 208H272V64c0-17.67-14.33-32-32-32h-32c-17.67 0-32 14.33-32 32v144H32c-17.67 0-32 14.33-32 32v32c0 17.67 14.33 32 32 32h144v144c0 17.67 14.33 32 32 32h32c17.67 0 32-14.33 32-32V304h144c17.67 0 32-14.33 32-32v-32c0-17.67-14.33-32-32-32z\"><\/path><\/svg><\/span>\n\t\t<\/span>\n\n\t\t\t\t\t\t<\/summary>\n\t\t\t\t<div role=\"region\" aria-labelledby=\"e-n-accordion-item-2151\" class=\"elementor-element elementor-element-5c58e3d e-con-full e-flex e-con e-child\" data-id=\"5c58e3d\" data-element_type=\"container\" data-e-type=\"container\">\n\t\t<div role=\"region\" aria-labelledby=\"e-n-accordion-item-2151\" class=\"elementor-element elementor-element-fb8c55d e-flex e-con-boxed e-con e-child\" data-id=\"fb8c55d\" data-element_type=\"container\" data-e-type=\"container\">\n\t\t\t\t\t<div class=\"e-con-inner\">\n\t\t\t\t<div class=\"elementor-element elementor-element-e9d5f3d elementor-widget elementor-widget-text-editor\" data-id=\"e9d5f3d\" data-element_type=\"widget\" data-e-type=\"widget\" data-widget_type=\"text-editor.default\">\n\t\t\t\t\t\t\t\t\t<p><span class=\"TextRun Highlight SCXW141459954 BCX8\" lang=\"PT-BR\" xml:lang=\"PT-BR\" data-contrast=\"auto\"><span class=\"NormalTextRun SCXW141459954 BCX8\">To be recognized as a strategic partner in international logistics, standing out for operational excellence, strong partnerships, and reliable operations.<\/span><\/span><\/p>\t\t\t\t\t\t\t\t<\/div>\n\t\t\t\t\t<\/div>\n\t\t\t\t<\/div>\n\t\t\t\t<\/div>\n\t\t\t\t\t<\/details>\n\t\t\t\t\t\t<details id=\"e-n-accordion-item-2152\" class=\"e-n-accordion-item\" >\n\t\t\t\t<summary class=\"e-n-accordion-item-title\" data-accordion-index=\"3\" tabindex=\"-1\" aria-expanded=\"false\" aria-controls=\"e-n-accordion-item-2152\" >\n\t\t\t\t\t<span class='e-n-accordion-item-title-header'><div class=\"e-n-accordion-item-title-text\"> Valores <\/div><\/span>\n\t\t\t\t\t\t\t<span class='e-n-accordion-item-title-icon'>\n\t\t\t<span class='e-opened' ><svg aria-hidden=\"true\" class=\"e-font-icon-svg e-fas-minus\" viewbox=\"0 0 448 512\" xmlns=\"http:\/\/www.w3.org\/2000\/svg\"><path d=\"M416 208H32c-17.67 0-32 14.33-32 32v32c0 17.67 14.33 32 32 32h384c17.67 0 32-14.33 32-32v-32c0-17.67-14.33-32-32-32z\"><\/path><\/svg><\/span>\n\t\t\t<span class='e-closed'><svg aria-hidden=\"true\" class=\"e-font-icon-svg e-fas-plus\" viewbox=\"0 0 448 512\" xmlns=\"http:\/\/www.w3.org\/2000\/svg\"><path d=\"M416 208H272V64c0-17.67-14.33-32-32-32h-32c-17.67 0-32 14.33-32 32v144H32c-17.67 0-32 14.33-32 32v32c0 17.67 14.33 32 32 32h144v144c0 17.67 14.33 32 32 32h32c17.67 0 32-14.33 32-32V304h144c17.67 0 32-14.33 32-32v-32c0-17.67-14.33-32-32-32z\"><\/path><\/svg><\/span>\n\t\t<\/span>\n\n\t\t\t\t\t\t<\/summary>\n\t\t\t\t<div role=\"region\" aria-labelledby=\"e-n-accordion-item-2152\" class=\"elementor-element elementor-element-d38683c e-con-full e-flex e-con e-child\" data-id=\"d38683c\" data-element_type=\"container\" data-e-type=\"container\">\n\t\t<div role=\"region\" aria-labelledby=\"e-n-accordion-item-2152\" class=\"elementor-element elementor-element-fa4abb0 e-flex e-con-boxed e-con e-child\" data-id=\"fa4abb0\" data-element_type=\"container\" data-e-type=\"container\">\n\t\t\t\t\t<div class=\"e-con-inner\">\n\t\t\t\t<div class=\"elementor-element elementor-element-5c833a6 elementor-widget elementor-widget-text-editor\" data-id=\"5c833a6\" data-element_type=\"widget\" data-e-type=\"widget\" data-widget_type=\"text-editor.default\">\n\t\t\t\t\t\t\t\t\t<ul><li><em><strong>Foco no cliente : <\/strong><\/em><span data-contrast=\"auto\">Compreendemos as necessidades de cada cliente para oferecer solu\u00e7\u00f5es log\u00edsticas eficientes e competitivas.<\/span><span data-ccp-props=\"{}\">\u00a0<\/span><\/li><li><em><strong>Excel\u00eancia operacional: <\/strong><\/em><span data-contrast=\"auto\">Atuamos com disciplina, organiza\u00e7\u00e3o e efici\u00eancia para garantir previsibilidade e qualidade em cada opera\u00e7\u00e3o.<\/span><\/li><li><em><strong>Parcerias s\u00f3lidas: <\/strong><\/em><span data-contrast=\"auto\">We build lasting relationships with clients, shipowners, agents, and strategic partners.<\/span><span data-ccp-props=\"{}\">\u00a0<\/span><\/li><li><strong><em>Transpar\u00eancia e integridade: <\/em><\/strong><span data-contrast=\"auto\">We conduct our business with ethics, responsibility, and transparency in all our commercial relationships.<\/span><span data-ccp-props=\"{}\">\u00a0<\/span><\/li><li><em><strong>Vis\u00e3o de longo prazo: <\/strong><\/em><span data-contrast=\"auto\">We make decisions with strategic responsibility, prioritizing sustainable growth and long-lasting relationships.<\/span><span data-ccp-props=\"{}\">\u00a0<\/span><\/li><\/ul>\t\t\t\t\t\t\t\t<\/div>\n\t\t\t\t\t<\/div>\n\t\t\t\t<\/div>\n\t\t\t\t<\/div>\n\t\t\t\t\t<\/details>\n\t\t\t\t\t<\/div>\n\t\t\t\t\t\t<\/div>\n\t\t\t\t\t<\/div>\n\t\t\t\t<\/div>\n\t\t<div class=\"elementor-element elementor-element-3e0a631 e-flex e-con-boxed e-con e-parent\" data-id=\"3e0a631\" data-element_type=\"container\" data-e-type=\"container\">\n\t\t\t\t\t<div class=\"e-con-inner\">\n\t\t\t\t<div class=\"elementor-element elementor-element-b089616 elementor-widget elementor-widget-spacer\" data-id=\"b089616\" data-element_type=\"widget\" data-e-type=\"widget\" data-widget_type=\"spacer.default\">\n\t\t\t\t\t\t\t<div class=\"elementor-spacer\">\n\t\t\t<div class=\"elementor-spacer-inner\"><\/div>\n\t\t<\/div>\n\t\t\t\t\t\t<\/div>\n\t\t\t\t\t<\/div>\n\t\t\t\t<\/div>\n\t\t<div class=\"elementor-element elementor-element-12b63d4 e-flex e-con-boxed e-con e-parent\" data-id=\"12b63d4\" data-element_type=\"container\" data-e-type=\"container\">\n\t\t\t\t\t<div class=\"e-con-inner\">\n\t\t\t\t<div class=\"elementor-element elementor-element-bca8f57 elementor-widget elementor-widget-heading\" data-id=\"bca8f57\" data-element_type=\"widget\" data-e-type=\"widget\" data-widget_type=\"heading.default\">\n\t\t\t\t\t<h2 class=\"elementor-heading-title elementor-size-default\">Nossa Equipe<\/h2>\t\t\t\t<\/div>\n\t\t\t\t<div class=\"elementor-element elementor-element-718fc74 elementor-widget elementor-widget-image\" data-id=\"718fc74\" data-element_type=\"widget\" data-e-type=\"widget\" data-widget_type=\"image.default\">\n\t\t\t\t\t\t\t\t\t\t\t\t\t\t\t<img decoding=\"async\" width=\"2048\" height=\"630\" src=\"https:\/\/absolutelogistics.com.br\/wp-content\/uploads\/2026\/03\/Absolute-time-3-2048x630.png\" class=\"attachment-2048x2048 size-2048x2048 wp-image-602\" alt=\"equipe com expertise em comercio internacional\" srcset=\"https:\/\/absolutelogistics.com.br\/wp-content\/uploads\/2026\/03\/Absolute-time-3-2048x630.png 2048w, https:\/\/absolutelogistics.com.br\/wp-content\/uploads\/2026\/03\/Absolute-time-3-300x92.png 300w, https:\/\/absolutelogistics.com.br\/wp-content\/uploads\/2026\/03\/Absolute-time-3-1024x315.png 1024w, https:\/\/absolutelogistics.com.br\/wp-content\/uploads\/2026\/03\/Absolute-time-3-768x236.png 768w, https:\/\/absolutelogistics.com.br\/wp-content\/uploads\/2026\/03\/Absolute-time-3-1536x472.png 1536w\" sizes=\"(max-width: 2048px) 100vw, 2048px\" \/>\t\t\t\t\t\t\t\t\t\t\t\t\t\t\t<\/div>\n\t\t\t\t\t<\/div>\n\t\t\t\t<\/div>\n\t\t<div class=\"elementor-element elementor-element-a4f6647 e-flex e-con-boxed e-con e-parent\" data-id=\"a4f6647\" data-element_type=\"container\" data-e-type=\"container\">\n\t\t\t\t\t<div class=\"e-con-inner\">\n\t\t\t\t<div class=\"elementor-element elementor-element-19c3945 elementor-align-center elementor-widget elementor-widget-button\" data-id=\"19c3945\" data-element_type=\"widget\" data-e-type=\"widget\" data-widget_type=\"button.default\">\n\t\t\t\t\t\t\t\t\t\t<a class=\"elementor-button elementor-button-link elementor-size-sm\" href=\"https:\/\/absolutelogistics.com.br\/en\/cotacoes\/\">\n\t\t\t\t\t\t<span class=\"elementor-button-content-wrapper\">\n\t\t\t\t\t\t\t\t\t<span class=\"elementor-button-text\">Fale com a nossa equipe<\/span>\n\t\t\t\t\t<\/span>\n\t\t\t\t\t<\/a>\n\t\t\t\t\t\t\t\t<\/div>\n\t\t\t\t\t<\/div>\n\t\t\t\t<\/div>\n\t\t<div class=\"elementor-element elementor-element-71193dd e-flex e-con-boxed e-con e-parent\" data-id=\"71193dd\" data-element_type=\"container\" data-e-type=\"container\">\n\t\t\t\t\t<div class=\"e-con-inner\">\n\t\t\t\t<div class=\"elementor-element elementor-element-9b9e4df elementor-widget elementor-widget-spacer\" data-id=\"9b9e4df\" data-element_type=\"widget\" data-e-type=\"widget\" data-widget_type=\"spacer.default\">\n\t\t\t\t\t\t\t<div class=\"elementor-spacer\">\n\t\t\t<div class=\"elementor-spacer-inner\"><\/div>\n\t\t<\/div>\n\t\t\t\t\t\t<\/div>\n\t\t\t\t\t<\/div>\n\t\t\t\t<\/div>\n\t\t\t\t<\/div>","protected":false},"excerpt":{"rendered":"<p>Quem Somos A Absolute Somos um freight forwarder especializado em transporte internacional. Oferecemos solu\u00e7\u00f5es log\u00edsticas eficientes, confi\u00e1veis e competitivas. Atuamos com forte capacidade de negocia\u00e7\u00e3o junto a armadores e parceiros estrat\u00e9gicos, garantindo previsibilidade, controle e alto n\u00edvel de servi\u00e7o nas opera\u00e7\u00f5es de com\u00e9rcio exterior. \u00a0 O que nos torna o parceiro ideal? Condi\u00e7\u00f5es de frete [&hellip;]<\/p>\n","protected":false},"author":2,"featured_media":0,"parent":0,"menu_order":-2,"comment_status":"closed","ping_status":"closed","template":"page-quem-somos-template","meta":{"saved_in_kubio":true,"_eb_attr":"","om_disable_all_campaigns":false,"_monsterinsights_skip_tracking":false,"_monsterinsights_sitenote_active":false,"_monsterinsights_sitenote_note":"","_monsterinsights_sitenote_category":0,"_kadence_starter_templates_imported_post":false,"footnotes":""},"class_list":["post-25","page","type-page","status-publish","hentry"],"aioseo_notices":[],"kubio_ai_page_context":{"short_desc":"","purpose":"general"},"_hostinger_reach_plugin_has_subscription_block":false,"_hostinger_reach_plugin_is_elementor":false,"_links":{"self":[{"href":"https:\/\/absolutelogistics.com.br\/en\/wp-json\/wp\/v2\/pages\/25","targetHints":{"allow":["GET"]}}],"collection":[{"href":"https:\/\/absolutelogistics.com.br\/en\/wp-json\/wp\/v2\/pages"}],"about":[{"href":"https:\/\/absolutelogistics.com.br\/en\/wp-json\/wp\/v2\/types\/page"}],"author":[{"embeddable":true,"href":"https:\/\/absolutelogistics.com.br\/en\/wp-json\/wp\/v2\/users\/2"}],"replies":[{"embeddable":true,"href":"https:\/\/absolutelogistics.com.br\/en\/wp-json\/wp\/v2\/comments?post=25"}],"version-history":[{"count":127,"href":"https:\/\/absolutelogistics.com.br\/en\/wp-json\/wp\/v2\/pages\/25\/revisions"}],"predecessor-version":[{"id":618,"href":"https:\/\/absolutelogistics.com.br\/en\/wp-json\/wp\/v2\/pages\/25\/revisions\/618"}],"wp:attachment":[{"href":"https:\/\/absolutelogistics.com.br\/en\/wp-json\/wp\/v2\/media?parent=25"}],"curies":[{"name":"wp","href":"https:\/\/api.w.org\/{rel}","templated":true}]}}