{"id":26,"date":"2026-02-13T13:52:51","date_gmt":"2026-02-13T13:52:51","guid":{"rendered":"https:\/\/absolutelogistics.com.br\/?page_id=26"},"modified":"2026-03-26T13:03:41","modified_gmt":"2026-03-26T13:03:41","slug":"servicos","status":"publish","type":"page","link":"https:\/\/absolutelogistics.com.br\/en\/servicos\/","title":{"rendered":"Our Services"},"content":{"rendered":"<div data-elementor-type=\"wp-page\" data-elementor-id=\"26\" class=\"elementor elementor-26\">\n\t\t\t\t<div class=\"elementor-element elementor-element-6dd6753 e-flex e-con-boxed e-con e-parent\" data-id=\"6dd6753\" data-element_type=\"container\" data-e-type=\"container\" data-settings=\"{&quot;background_background&quot;:&quot;classic&quot;}\">\n\t\t\t\t\t<div class=\"e-con-inner\">\n\t\t\t\t<div class=\"elementor-element elementor-element-63f5dfe elementor-widget elementor-widget-spacer\" data-id=\"63f5dfe\" data-element_type=\"widget\" data-e-type=\"widget\" data-widget_type=\"spacer.default\">\n\t\t\t\t\t\t\t<div class=\"elementor-spacer\">\n\t\t\t<div class=\"elementor-spacer-inner\"><\/div>\n\t\t<\/div>\n\t\t\t\t\t\t<\/div>\n\t\t\t\t\t<\/div>\n\t\t\t\t<\/div>\n\t\t<div class=\"elementor-element elementor-element-3c52f25 e-flex e-con-boxed e-con e-parent\" data-id=\"3c52f25\" data-element_type=\"container\" data-e-type=\"container\" data-settings=\"{&quot;background_background&quot;:&quot;classic&quot;}\">\n\t\t\t\t\t<div class=\"e-con-inner\">\n\t\t\t\t<div class=\"elementor-element elementor-element-de84139 elementor-widget__width-initial elementor-widget elementor-widget-heading\" data-id=\"de84139\" data-element_type=\"widget\" data-e-type=\"widget\" data-widget_type=\"heading.default\">\n\t\t\t\t\t<h2 class=\"elementor-heading-title elementor-size-default\">Our Services<\/h2>\t\t\t\t<\/div>\n\t\t\t\t\t<\/div>\n\t\t\t\t<\/div>\n\t\t<div class=\"elementor-element elementor-element-1fd3766 e-flex e-con-boxed e-con e-parent\" data-id=\"1fd3766\" data-element_type=\"container\" data-e-type=\"container\">\n\t\t\t\t\t<div class=\"e-con-inner\">\n\t\t\t\t<div class=\"elementor-element elementor-element-a0aeb02 elementor-widget elementor-widget-spacer\" data-id=\"a0aeb02\" data-element_type=\"widget\" data-e-type=\"widget\" data-widget_type=\"spacer.default\">\n\t\t\t\t\t\t\t<div class=\"elementor-spacer\">\n\t\t\t<div class=\"elementor-spacer-inner\"><\/div>\n\t\t<\/div>\n\t\t\t\t\t\t<\/div>\n\t\t\t\t\t<\/div>\n\t\t\t\t<\/div>\n\t\t<div class=\"elementor-element elementor-element-e47cfd2 e-flex e-con-boxed e-con e-parent\" data-id=\"e47cfd2\" data-element_type=\"container\" data-e-type=\"container\">\n\t\t\t\t\t<div class=\"e-con-inner\">\n\t\t<div class=\"elementor-element elementor-element-6316633 e-con-full e-flex e-con e-child\" data-id=\"6316633\" data-element_type=\"container\" data-e-type=\"container\">\n\t\t\t\t<div class=\"elementor-element elementor-element-40e373a elementor-widget elementor-widget-heading\" data-id=\"40e373a\" data-element_type=\"widget\" data-e-type=\"widget\" data-widget_type=\"heading.default\">\n\t\t\t\t\t<h2 class=\"elementor-heading-title elementor-size-default\">Maritime Import &amp; Export<\/h2>\t\t\t\t<\/div>\n\t\t\t\t<\/div>\n\t\t<div class=\"elementor-element elementor-element-8087ca0 e-con-full e-flex e-con e-child\" data-id=\"8087ca0\" data-element_type=\"container\" data-e-type=\"container\">\n\t\t\t\t<div class=\"elementor-element elementor-element-d28100b elementor-widget elementor-widget-heading\" data-id=\"d28100b\" data-element_type=\"widget\" data-e-type=\"widget\" data-widget_type=\"heading.default\">\n\t\t\t\t\t<h2 class=\"elementor-heading-title elementor-size-default\">Air Import<\/h2>\t\t\t\t<\/div>\n\t\t\t\t<\/div>\n\t\t<div class=\"elementor-element elementor-element-cb4d58b e-con-full e-flex e-con e-child\" data-id=\"cb4d58b\" data-element_type=\"container\" data-e-type=\"container\">\n\t\t\t\t<div class=\"elementor-element elementor-element-35fe024 elementor-widget elementor-widget-heading\" data-id=\"35fe024\" data-element_type=\"widget\" data-e-type=\"widget\" data-widget_type=\"heading.default\">\n\t\t\t\t\t<h2 class=\"elementor-heading-title elementor-size-default\">Road Transport<\/h2>\t\t\t\t<\/div>\n\t\t\t\t<\/div>\n\t\t<div class=\"elementor-element elementor-element-c9308f0 e-con-full e-flex e-con e-child\" data-id=\"c9308f0\" data-element_type=\"container\" data-e-type=\"container\">\n\t\t\t\t<div class=\"elementor-element elementor-element-2ef3b79 elementor-widget elementor-widget-image\" data-id=\"2ef3b79\" data-element_type=\"widget\" data-e-type=\"widget\" data-widget_type=\"image.default\">\n\t\t\t\t\t\t\t\t\t\t\t\t\t\t\t<img fetchpriority=\"high\" decoding=\"async\" width=\"1024\" height=\"683\" src=\"https:\/\/absolutelogistics.com.br\/wp-content\/uploads\/2026\/03\/ChatGPT-Image-18-de-mar.-de-2026-10_47_57-1024x683.png\" class=\"attachment-large size-large wp-image-323\" alt=\"agende de cargas internacional em itaja\u00ed\" srcset=\"https:\/\/absolutelogistics.com.br\/wp-content\/uploads\/2026\/03\/ChatGPT-Image-18-de-mar.-de-2026-10_47_57-1024x683.png 1024w, https:\/\/absolutelogistics.com.br\/wp-content\/uploads\/2026\/03\/ChatGPT-Image-18-de-mar.-de-2026-10_47_57-300x200.png 300w, https:\/\/absolutelogistics.com.br\/wp-content\/uploads\/2026\/03\/ChatGPT-Image-18-de-mar.-de-2026-10_47_57-768x512.png 768w, https:\/\/absolutelogistics.com.br\/wp-content\/uploads\/2026\/03\/ChatGPT-Image-18-de-mar.-de-2026-10_47_57.png 1536w\" sizes=\"(max-width: 1024px) 100vw, 1024px\" \/>\t\t\t\t\t\t\t\t\t\t\t\t\t\t\t<\/div>\n\t\t\t\t<\/div>\n\t\t<div class=\"elementor-element elementor-element-e6ababf e-con-full e-flex e-con e-child\" data-id=\"e6ababf\" data-element_type=\"container\" data-e-type=\"container\">\n\t\t\t\t<div class=\"elementor-element elementor-element-c828622 elementor-widget elementor-widget-image\" data-id=\"c828622\" data-element_type=\"widget\" data-e-type=\"widget\" data-widget_type=\"image.default\">\n\t\t\t\t\t\t\t\t\t\t\t\t\t\t\t<img decoding=\"async\" width=\"1024\" height=\"683\" src=\"https:\/\/absolutelogistics.com.br\/wp-content\/uploads\/2026\/03\/transport-logistics-concept-1-1024x683.jpg\" class=\"attachment-large size-large wp-image-662\" alt=\"frete internacional atrav\u00e9s de importa\u00e7\u00e3o a\u00e9rea em itaja\u00ed santa catarina\" srcset=\"https:\/\/absolutelogistics.com.br\/wp-content\/uploads\/2026\/03\/transport-logistics-concept-1-1024x683.jpg 1024w, https:\/\/absolutelogistics.com.br\/wp-content\/uploads\/2026\/03\/transport-logistics-concept-1-300x200.jpg 300w, https:\/\/absolutelogistics.com.br\/wp-content\/uploads\/2026\/03\/transport-logistics-concept-1-768x512.jpg 768w, https:\/\/absolutelogistics.com.br\/wp-content\/uploads\/2026\/03\/transport-logistics-concept-1-scaled-e1774460587406.jpg 1536w, https:\/\/absolutelogistics.com.br\/wp-content\/uploads\/2026\/03\/transport-logistics-concept-1-2048x1365.jpg 2048w\" sizes=\"(max-width: 1024px) 100vw, 1024px\" \/>\t\t\t\t\t\t\t\t\t\t\t\t\t\t\t<\/div>\n\t\t\t\t<\/div>\n\t\t<div class=\"elementor-element elementor-element-4f26bff e-con-full e-flex e-con e-child\" data-id=\"4f26bff\" data-element_type=\"container\" data-e-type=\"container\">\n\t\t\t\t<div class=\"elementor-element elementor-element-242e942 elementor-widget elementor-widget-image\" data-id=\"242e942\" data-element_type=\"widget\" data-e-type=\"widget\" data-widget_type=\"image.default\">\n\t\t\t\t\t\t\t\t\t\t\t\t\t\t\t<img decoding=\"async\" width=\"1024\" height=\"683\" src=\"https:\/\/absolutelogistics.com.br\/wp-content\/uploads\/2026\/03\/ChatGPT-Image-24-de-mar.-de-2026-13_43_15-1024x683.png\" class=\"attachment-large size-large wp-image-663\" alt=\"frete internacional rodovi\u00e1rio em santa catarina\" srcset=\"https:\/\/absolutelogistics.com.br\/wp-content\/uploads\/2026\/03\/ChatGPT-Image-24-de-mar.-de-2026-13_43_15-1024x683.png 1024w, https:\/\/absolutelogistics.com.br\/wp-content\/uploads\/2026\/03\/ChatGPT-Image-24-de-mar.-de-2026-13_43_15-300x200.png 300w, https:\/\/absolutelogistics.com.br\/wp-content\/uploads\/2026\/03\/ChatGPT-Image-24-de-mar.-de-2026-13_43_15-768x512.png 768w, https:\/\/absolutelogistics.com.br\/wp-content\/uploads\/2026\/03\/ChatGPT-Image-24-de-mar.-de-2026-13_43_15.png 1536w\" sizes=\"(max-width: 1024px) 100vw, 1024px\" \/>\t\t\t\t\t\t\t\t\t\t\t\t\t\t\t<\/div>\n\t\t\t\t<\/div>\n\t\t<div class=\"elementor-element elementor-element-47a1034 e-con-full e-flex e-con e-child\" data-id=\"47a1034\" data-element_type=\"container\" data-e-type=\"container\">\n\t\t\t\t<div class=\"elementor-element elementor-element-7a79414 elementor-widget elementor-widget-text-editor\" data-id=\"7a79414\" data-element_type=\"widget\" data-e-type=\"widget\" data-widget_type=\"text-editor.default\">\n\t\t\t\t\t\t\t\t\t<p><span class=\"TextRun SCXW158336170 BCX8\" lang=\"PT-BR\" xml:lang=\"PT-BR\" data-contrast=\"auto\" style=\"background-color: rgba(0, 0, 0, 0);\"><span class=\"NormalTextRun SCXW158336170 BCX8\">Gerenciamos toda a sua opera\u00e7\u00e3o de importa\u00e7\u00e3o ou exporta\u00e7\u00e3o mar\u00edtima com efici\u00eancia, garantindo controle, competitividade e seguran\u00e7a no transporte internacional.<\/span><\/span><span class=\"EOP SCXW158336170 BCX8\" data-ccp-props=\"{&quot;335559738&quot;:240,&quot;335559739&quot;:240}\" style=\"background-color: rgba(0, 0, 0, 0);\">&nbsp;<\/span><span style=\"background-color: rgba(0, 0, 0, 0);\">.<\/span><\/p>\t\t\t\t\t\t\t\t<\/div>\n\t\t\t\t<\/div>\n\t\t<div class=\"elementor-element elementor-element-5902eca e-con-full e-flex e-con e-child\" data-id=\"5902eca\" data-element_type=\"container\" data-e-type=\"container\">\n\t\t\t\t<div class=\"elementor-element elementor-element-f111709 elementor-widget elementor-widget-text-editor\" data-id=\"f111709\" data-element_type=\"widget\" data-e-type=\"widget\" data-widget_type=\"text-editor.default\">\n\t\t\t\t\t\t\t\t\t<p><span style=\"background-color: rgba(0, 0, 0, 0);\">Agile solutions for urgent imports, with efficient management and close monitoring to ensure fast and secure delivery.<\/span><\/p>\t\t\t\t\t\t\t\t<\/div>\n\t\t\t\t<\/div>\n\t\t<div class=\"elementor-element elementor-element-55306c7 e-con-full e-flex e-con e-child\" data-id=\"55306c7\" data-element_type=\"container\" data-e-type=\"container\">\n\t\t\t\t<div class=\"elementor-element elementor-element-f59e464 elementor-widget elementor-widget-text-editor\" data-id=\"f59e464\" data-element_type=\"widget\" data-e-type=\"widget\" data-widget_type=\"text-editor.default\">\n\t\t\t\t\t\t\t\t\t<p><span class=\"TextRun SCXW22862315 BCX8\" lang=\"PT-BR\" xml:lang=\"PT-BR\" data-contrast=\"auto\" style=\"background-color: rgba(0, 0, 0, 0);\"><span class=\"NormalTextRun SCXW22862315 BCX8\">We offer road transport solutions integrated into international operations, ensuring efficiency in the collection, delivery, and handling of cargo.<\/span><\/span><span class=\"EOP SCXW22862315 BCX8\" data-ccp-props=\"{&quot;335559738&quot;:240,&quot;335559739&quot;:240}\" style=\"background-color: rgba(0, 0, 0, 0);\">&nbsp;<\/span><\/p>\t\t\t\t\t\t\t\t<\/div>\n\t\t\t\t<\/div>\n\t\t\t\t\t<\/div>\n\t\t\t\t<\/div>\n\t\t<div class=\"elementor-element elementor-element-cc46793 e-flex e-con-boxed e-con e-parent\" data-id=\"cc46793\" data-element_type=\"container\" data-e-type=\"container\">\n\t\t\t\t\t<div class=\"e-con-inner\">\n\t\t\t\t<div class=\"elementor-element elementor-element-7eb1a4b elementor-widget elementor-widget-spacer\" data-id=\"7eb1a4b\" data-element_type=\"widget\" data-e-type=\"widget\" data-widget_type=\"spacer.default\">\n\t\t\t\t\t\t\t<div class=\"elementor-spacer\">\n\t\t\t<div class=\"elementor-spacer-inner\"><\/div>\n\t\t<\/div>\n\t\t\t\t\t\t<\/div>\n\t\t\t\t\t<\/div>\n\t\t\t\t<\/div>\n\t\t<div class=\"elementor-element elementor-element-3d1ecd0 e-flex e-con-boxed e-con e-parent\" data-id=\"3d1ecd0\" data-element_type=\"container\" data-e-type=\"container\">\n\t\t\t\t\t<div class=\"e-con-inner\">\n\t\t\t\t<div class=\"elementor-element elementor-element-f75970e elementor-align-center elementor-widget elementor-widget-button\" data-id=\"f75970e\" data-element_type=\"widget\" data-e-type=\"widget\" data-widget_type=\"button.default\">\n\t\t\t\t\t\t\t\t\t\t<a class=\"elementor-button elementor-button-link elementor-size-sm\" href=\"https:\/\/absolutelogistics.com.br\/en\/cotacoes\/\">\n\t\t\t\t\t\t<span class=\"elementor-button-content-wrapper\">\n\t\t\t\t\t\t\t\t\t<span class=\"elementor-button-text\">Fale com a nossa equipe<\/span>\n\t\t\t\t\t<\/span>\n\t\t\t\t\t<\/a>\n\t\t\t\t\t\t\t\t<\/div>\n\t\t\t\t\t<\/div>\n\t\t\t\t<\/div>\n\t\t<div class=\"elementor-element elementor-element-f26bcd5 e-flex e-con-boxed e-con e-parent\" data-id=\"f26bcd5\" data-element_type=\"container\" data-e-type=\"container\">\n\t\t\t\t\t<div class=\"e-con-inner\">\n\t\t\t\t<div class=\"elementor-element elementor-element-d127629 elementor-widget elementor-widget-spacer\" data-id=\"d127629\" data-element_type=\"widget\" data-e-type=\"widget\" data-widget_type=\"spacer.default\">\n\t\t\t\t\t\t\t<div class=\"elementor-spacer\">\n\t\t\t<div class=\"elementor-spacer-inner\"><\/div>\n\t\t<\/div>\n\t\t\t\t\t\t<\/div>\n\t\t\t\t\t<\/div>\n\t\t\t\t<\/div>\n\t\t\t\t<\/div>","protected":false},"excerpt":{"rendered":"<p>Nossos Servi\u00e7os Importa\u00e7\u00e3o &amp; Exporta\u00e7\u00e3o Mar\u00edtima Importa\u00e7\u00e3o A\u00e9rea Transporte Rodovi\u00e1rio Gerenciamos toda a sua opera\u00e7\u00e3o de importa\u00e7\u00e3o ou exporta\u00e7\u00e3o mar\u00edtima com efici\u00eancia, garantindo controle, competitividade e seguran\u00e7a no transporte internacional.&nbsp;. Solu\u00e7\u00f5es \u00e1geis para importa\u00e7\u00f5es urgentes, com gest\u00e3o eficiente e acompanhamento pr\u00f3ximo para garantir rapidez e seguran\u00e7a na entrega. Oferecemos solu\u00e7\u00f5es de transporte rodovi\u00e1rio integradas \u00e0 [&hellip;]<\/p>\n","protected":false},"author":2,"featured_media":0,"parent":0,"menu_order":0,"comment_status":"closed","ping_status":"closed","template":"page-servicos-template","meta":{"saved_in_kubio":true,"_eb_attr":"","om_disable_all_campaigns":false,"_monsterinsights_skip_tracking":false,"_monsterinsights_sitenote_active":false,"_monsterinsights_sitenote_note":"","_monsterinsights_sitenote_category":0,"_kadence_starter_templates_imported_post":false,"footnotes":""},"class_list":["post-26","page","type-page","status-publish","hentry"],"aioseo_notices":[],"kubio_ai_page_context":{"short_desc":"","purpose":"general"},"_hostinger_reach_plugin_has_subscription_block":false,"_hostinger_reach_plugin_is_elementor":false,"_links":{"self":[{"href":"https:\/\/absolutelogistics.com.br\/en\/wp-json\/wp\/v2\/pages\/26","targetHints":{"allow":["GET"]}}],"collection":[{"href":"https:\/\/absolutelogistics.com.br\/en\/wp-json\/wp\/v2\/pages"}],"about":[{"href":"https:\/\/absolutelogistics.com.br\/en\/wp-json\/wp\/v2\/types\/page"}],"author":[{"embeddable":true,"href":"https:\/\/absolutelogistics.com.br\/en\/wp-json\/wp\/v2\/users\/2"}],"replies":[{"embeddable":true,"href":"https:\/\/absolutelogistics.com.br\/en\/wp-json\/wp\/v2\/comments?post=26"}],"version-history":[{"count":38,"href":"https:\/\/absolutelogistics.com.br\/en\/wp-json\/wp\/v2\/pages\/26\/revisions"}],"predecessor-version":[{"id":884,"href":"https:\/\/absolutelogistics.com.br\/en\/wp-json\/wp\/v2\/pages\/26\/revisions\/884"}],"wp:attachment":[{"href":"https:\/\/absolutelogistics.com.br\/en\/wp-json\/wp\/v2\/media?parent=26"}],"curies":[{"name":"wp","href":"https:\/\/api.w.org\/{rel}","templated":true}]}}